{"id":19,"date":"2013-12-27T10:48:49","date_gmt":"2013-12-27T10:48:49","guid":{"rendered":"http:\/\/fisioterapiamas.com\/mas\/?page_id=19"},"modified":"2019-01-12T19:53:26","modified_gmt":"2019-01-12T19:53:26","slug":"contacto","status":"publish","type":"page","link":"http:\/\/fisioterapiamas.com\/mas\/contacto\/","title":{"rendered":"<!Contacto>"},"content":{"rendered":"<p><span style=\"font-size: small;\">Puedes contactar con nosotros:<\/span><\/p>\n<ul>\n<li><span style=\"font-size: small;\">en los correos electr\u00f3nicos: <a href=\"mailto:info@fisioterapiamas.com\">info@fisioterapiamas.com<\/a> y <a href=\"mailto:citaprevia@fisioterapiamas.com\">citaprevia@fisioterapiamas.com<\/a><\/span><\/li>\n<li><span style=\"font-size: small;\">en los tel\u00e9fonos (llamada o mensaje de WhatsApp):<\/span><\/li>\n<\/ul>\n<p style=\"text-align: center;\"><span style=\"font-size: small;\">Miguel \u00c1ngel 652 410 270 \/ Sandra 653 633 520<br \/>\n<\/span><\/p>\n<ul>\n<li><span style=\"font-size: small;\">o mediante el siguiente formulario de contacto:<\/span><\/li>\n<\/ul>\n<p><span style=\"font-size: small;\">\n<div class=\"wpcf7 no-js\" id=\"wpcf7-f272-o1\" lang=\"es-ES\" dir=\"ltr\" data-wpcf7-id=\"272\">\n<div class=\"screen-reader-response\"><p role=\"status\" aria-live=\"polite\" aria-atomic=\"true\"><\/p> <ul><\/ul><\/div>\n<form action=\"\/mas\/wp-json\/wp\/v2\/pages\/19#wpcf7-f272-o1\" method=\"post\" class=\"wpcf7-form init\" aria-label=\"Formulario de contacto\" novalidate=\"novalidate\" data-status=\"init\">\n<div style=\"display: none;\">\n<input type=\"hidden\" name=\"_wpcf7\" value=\"272\" \/>\n<input type=\"hidden\" name=\"_wpcf7_version\" value=\"6.0.5\" \/>\n<input type=\"hidden\" name=\"_wpcf7_locale\" value=\"es_ES\" \/>\n<input type=\"hidden\" name=\"_wpcf7_unit_tag\" value=\"wpcf7-f272-o1\" \/>\n<input type=\"hidden\" name=\"_wpcf7_container_post\" value=\"0\" \/>\n<input type=\"hidden\" name=\"_wpcf7_posted_data_hash\" value=\"\" \/>\n<\/div>\n<p>Su nombre (requerido)\n<\/p>\n<p><span class=\"wpcf7-form-control-wrap\" data-name=\"your-name\"><input size=\"40\" maxlength=\"400\" class=\"wpcf7-form-control wpcf7-text wpcf7-validates-as-required\" aria-required=\"true\" aria-invalid=\"false\" value=\"\" type=\"text\" name=\"your-name\" \/><\/span>\n<\/p>\n<p>Su e-mail\n<\/p>\n<p><span class=\"wpcf7-form-control-wrap\" data-name=\"email-52\"><input size=\"40\" maxlength=\"400\" class=\"wpcf7-form-control wpcf7-email wpcf7-text wpcf7-validates-as-email\" aria-invalid=\"false\" value=\"\" type=\"email\" name=\"email-52\" \/><\/span>\n<\/p>\n<p>Su n\u00famero de tel\u00e9fono (requerido)\n<\/p>\n<p><span class=\"wpcf7-form-control-wrap\" data-name=\"Sunmerodetelfono\"><input size=\"40\" maxlength=\"400\" class=\"wpcf7-form-control wpcf7-tel wpcf7-validates-as-required wpcf7-text wpcf7-validates-as-tel\" aria-required=\"true\" aria-invalid=\"false\" value=\"\" type=\"tel\" name=\"Sunmerodetelfono\" \/><\/span>\n<\/p>\n<p>Asunto\n<\/p>\n<p><span class=\"wpcf7-form-control-wrap\" data-name=\"Tipodeconsulta\"><select class=\"wpcf7-form-control wpcf7-select wpcf7-validates-as-required\" aria-required=\"true\" aria-invalid=\"false\" name=\"Tipodeconsulta\"><option value=\"Solicitud de cita\">Solicitud de cita<\/option><option value=\"Solicitud de cambio de cita\">Solicitud de cambio de cita<\/option><option value=\"Consulta sobre servicios disponibles\">Consulta sobre servicios disponibles<\/option><option value=\"Otros\">Otros<\/option><\/select><\/span>\n<\/p>\n<p>Su mensaje\n<\/p>\n<p><span class=\"wpcf7-form-control-wrap\" data-name=\"your-message\"><textarea cols=\"40\" rows=\"10\" maxlength=\"2000\" class=\"wpcf7-form-control wpcf7-textarea wpcf7-validates-as-required\" aria-required=\"true\" aria-invalid=\"false\" name=\"your-message\"><\/textarea><\/span>\n<\/p>\n<p>Por favor, indique el resultado de la siguiente operaci\u00f3n : <span class=\"wpcf7-form-control-wrap mathcaptcha-724\">&#x31;&#55; + <input size=\"2\" maxlength=\"2\" class=\"wpcf7-form-control wpcf7-mathcaptcha\" aria-required=\"true\" type=\"text\" name=\"mathcaptcha-724\" value=\"\" \/> = 22<\/span><input type=\"hidden\" value=\"0\" name=\"mathcaptcha-724-sn\" \/>\n<\/p>\n<p><input class=\"wpcf7-form-control wpcf7-submit has-spinner\" type=\"submit\" value=\"Enviar\" \/>\n<\/p><p style=\"display: none !important;\" class=\"akismet-fields-container\" data-prefix=\"_wpcf7_ak_\"><label>&#916;<textarea name=\"_wpcf7_ak_hp_textarea\" cols=\"45\" rows=\"8\" maxlength=\"100\"><\/textarea><\/label><input type=\"hidden\" id=\"ak_js_1\" name=\"_wpcf7_ak_js\" value=\"178\"\/><script>document.getElementById( \"ak_js_1\" ).setAttribute( \"value\", ( new Date() ).getTime() );<\/script><\/p><div class=\"wpcf7-response-output\" aria-hidden=\"true\"><\/div>\n<\/form>\n<\/div>\n<\/span><\/p>\n","protected":false},"excerpt":{"rendered":"<p>Puedes contactar con nosotros: en los correos electr\u00f3nicos: info@fisioterapiamas.com y citaprevia@fisioterapiamas.com en los tel\u00e9fonos (llamada o mensaje de WhatsApp): Miguel \u00c1ngel 652 410 270 \/ Sandra 653 633 520 o mediante el siguiente formulario de contacto:<\/p>\n","protected":false},"author":1,"featured_media":0,"parent":0,"menu_order":0,"comment_status":"closed","ping_status":"open","template":"","meta":{"jetpack_post_was_ever_published":false,"footnotes":""},"class_list":["post-19","page","type-page","status-publish","hentry"],"jetpack_sharing_enabled":false,"jetpack_shortlink":"https:\/\/wp.me\/P4cnfd-j","_links":{"self":[{"href":"http:\/\/fisioterapiamas.com\/mas\/wp-json\/wp\/v2\/pages\/19","targetHints":{"allow":["GET"]}}],"collection":[{"href":"http:\/\/fisioterapiamas.com\/mas\/wp-json\/wp\/v2\/pages"}],"about":[{"href":"http:\/\/fisioterapiamas.com\/mas\/wp-json\/wp\/v2\/types\/page"}],"author":[{"embeddable":true,"href":"http:\/\/fisioterapiamas.com\/mas\/wp-json\/wp\/v2\/users\/1"}],"replies":[{"embeddable":true,"href":"http:\/\/fisioterapiamas.com\/mas\/wp-json\/wp\/v2\/comments?post=19"}],"version-history":[{"count":34,"href":"http:\/\/fisioterapiamas.com\/mas\/wp-json\/wp\/v2\/pages\/19\/revisions"}],"predecessor-version":[{"id":325,"href":"http:\/\/fisioterapiamas.com\/mas\/wp-json\/wp\/v2\/pages\/19\/revisions\/325"}],"wp:attachment":[{"href":"http:\/\/fisioterapiamas.com\/mas\/wp-json\/wp\/v2\/media?parent=19"}],"curies":[{"name":"wp","href":"https:\/\/api.w.org\/{rel}","templated":true}]}}